{"id":488,"date":"2022-07-15T13:04:50","date_gmt":"2022-07-15T13:04:50","guid":{"rendered":"http:\/\/www.baykum.com.tr\/?page_id=488"},"modified":"2022-07-15T14:26:29","modified_gmt":"2022-07-15T14:26:29","slug":"hakkimizda-2","status":"publish","type":"page","link":"http:\/\/www.baykum.com.tr\/?page_id=488","title":{"rendered":"HAKKIMIZDA"},"content":{"rendered":"\n<p>\u00d6rme kuma\u015f imalat\u0131 yapan firmam\u0131z 2021 y\u0131l\u0131nda RAMAZAN \u00c7\u0130L Taraf\u0131ndan tek ortakl\u0131 olarak kurulmu\u015ftur. <\/p>\n\n\n\n<p>Hedefimiz g\u00fcnl\u00fck 30.000 kg boyal\u0131  kuma\u015f \u00fcretimi ger\u00e7ekle\u015ftirmektir. Bu do\u011frultuda alt yap\u0131 ve \u00fcst yap\u0131 projelerimizi hayat ge\u00e7irmekteyiz. <\/p>\n\n\n\n<p>T\u00fcrkiyenin sayg\u0131n sanayi kurulu\u015flar\u0131 aras\u0131ndaki yerimizi almak i\u00e7in t\u00fcm bilgi birikim ve enerjimizi sonuna kadar vermekteyiz<\/p>\n\n\n\n<p>M\u00fc\u015fterilerden alm\u0131\u015f oldu\u011fumuz sipari\u015f do\u011frultusunda iplik sat\u0131n almas\u0131 ile ba\u015flayan s\u00fcrecimiz, \u00f6rme ve boyama i\u015flemlerinin ard\u0131ndan m\u00fc\u015fteriye teslimi ile son bulmaktad\u0131r. M\u00fc\u015fterilerimiz ihracat konfeksiyon yapt\u0131klar\u0131 i\u00e7in \u00fcretim s\u00fcre\u00e7lerimizde kalite kontrol s\u00fcre\u00e7lerini tam olarak yerine getirmekteyiz.<\/p>\n","protected":false},"excerpt":{"rendered":"<p>\u00d6rme kuma\u015f imalat\u0131 yapan firmam\u0131z 2021 y\u0131l\u0131nda RAMAZAN \u00c7\u0130L Taraf\u0131ndan tek ortakl\u0131 olarak kurulmu\u015ftur. Hedefimiz g\u00fcnl\u00fck 30.000 kg boyal\u0131 kuma\u015f<\/p>\n","protected":false},"author":1,"featured_media":0,"parent":0,"menu_order":0,"comment_status":"closed","ping_status":"closed","template":"","meta":[],"_links":{"self":[{"href":"http:\/\/www.baykum.com.tr\/index.php?rest_route=\/wp\/v2\/pages\/488"}],"collection":[{"href":"http:\/\/www.baykum.com.tr\/index.php?rest_route=\/wp\/v2\/pages"}],"about":[{"href":"http:\/\/www.baykum.com.tr\/index.php?rest_route=\/wp\/v2\/types\/page"}],"author":[{"embeddable":true,"href":"http:\/\/www.baykum.com.tr\/index.php?rest_route=\/wp\/v2\/users\/1"}],"replies":[{"embeddable":true,"href":"http:\/\/www.baykum.com.tr\/index.php?rest_route=%2Fwp%2Fv2%2Fcomments&post=488"}],"version-history":[{"count":3,"href":"http:\/\/www.baykum.com.tr\/index.php?rest_route=\/wp\/v2\/pages\/488\/revisions"}],"predecessor-version":[{"id":515,"href":"http:\/\/www.baykum.com.tr\/index.php?rest_route=\/wp\/v2\/pages\/488\/revisions\/515"}],"wp:attachment":[{"href":"http:\/\/www.baykum.com.tr\/index.php?rest_route=%2Fwp%2Fv2%2Fmedia&parent=488"}],"curies":[{"name":"wp","href":"https:\/\/api.w.org\/{rel}","templated":true}]}}